{"id":430,"date":"2019-07-22T05:37:11","date_gmt":"2019-07-22T05:37:11","guid":{"rendered":"https:\/\/saint-michael.sk\/?page_id=430"},"modified":"2025-07-16T11:29:45","modified_gmt":"2025-07-16T11:29:45","slug":"accueil","status":"publish","type":"page","link":"https:\/\/saint-michael.sk\/index.php\/fr\/accueil\/","title":{"rendered":"Accueil"},"content":{"rendered":"<div class=\"wpb-content-wrapper\">[vc_row][vc_column]\n        <h2 class=\"lined-heading mt50\">\n            <span>\n            Chambres\n            <\/span>\n        <\/h2>\n        \n    <!-- Rooms -->\n    <div class=\"rooms mt110\">\n        <div class=\"row room-list\">\n            \n                    <!-- Room -->\n                    \n                    <!-- Room -->\n                    \n                    <!-- Room -->\n                    \n                    <!-- Room -->\n                    \n                    <!-- Room -->\n                    \n                    <!-- Room -->\n                    \n                    <!-- Room -->\n                    \n                    <!-- Room -->\n                    \n                    <!-- Room -->\n                                                        \n        <\/div>\n    <\/div>\n    [\/vc_column][\/vc_row][vc_row][vc_column]\n        <h2 class=\"lined-heading mt50\">\n            <span>\n            Informations\n            <\/span>\n        <\/h2>\n        [vc_row_inner][vc_column_inner width=&#8220;1\/4&#8243;]\n    <div class=\"usp\">\n        <div class=\"box-icon\">\n                <div class=\"circle\"><i class=\"fa fas fa-parking fa-lg\"><\/i><\/div>\n                <h3>Parking<\/h3>\n                <p><span class=\"HwtZe\" lang=\"fr\"><span class=\"jCAhz ChMk0b\"><span class=\"ryNqvb\">Parking ou site payant pour nos clients<\/span><\/span><\/span><\/p>\n        <\/div>\n    <\/div>\n    [\/vc_column_inner][vc_column_inner width=&#8220;1\/4&#8243;]\n    <div class=\"usp\">\n        <div class=\"box-icon\">\n                <div class=\"circle\"><i class=\"fa fa fa-wheelchair fa-lg\"><\/i><\/div>\n                <h3>Acc\u00e8s aux personnes \u00e0 mobilit\u00e9 r\u00e9duite<\/h3>\n                <p>Toutes nos chambres sont \u00e9galement disponibles pour les personnes handicap\u00e9es<\/p>\n        <\/div>\n    <\/div>\n    [\/vc_column_inner][vc_column_inner width=&#8220;1\/4&#8243;]\n    <div class=\"usp\">\n        <div class=\"box-icon\">\n                <div class=\"circle\"><i class=\"fa fas fa-utensils fa-lg\"><\/i><\/div>\n                <h3>Petit-d\u00e9jeuner<\/h3>\n                <p>\r\n<p><span class=\"HwtZe\" lang=\"fr\"><span class=\"jCAhz ChMk0b\"><span class=\"ryNqvb\">Petit-d\u00e9jeuner servi directement \u00e0 l&#8217;h\u00f4tel moyennant un suppl\u00e9ment<\/span><\/span><\/span><\/p>\r\n<\/p>\n        <\/div>\n    <\/div>\n    [\/vc_column_inner][vc_column_inner width=&#8220;1\/4&#8243;]\n    <div class=\"usp\">\n        <div class=\"box-icon\">\n                <div class=\"circle\"><i class=\"fa fa fa-heart fa-lg\"><\/i><\/div>\n                <h3>Toutes les zones sont non-fumeurs<\/h3>\n                <p><\/p>\n        <\/div>\n    <\/div>\n    [\/vc_column_inner][\/vc_row_inner][vc_row_inner][vc_column_inner width=&#8220;1\/4&#8243;]\n    <div class=\"usp\">\n        <div class=\"box-icon\">\n                <div class=\"circle\"><i class=\"fa fa fa-money fa-lg\"><\/i><\/div>\n                <h3>Prix de l&#039;h\u00e9bergement \u00e0 long terme \u00e0 convenir<\/h3>\n                <p>Nous pouvons offrir des rabais int\u00e9ressants pour un h\u00e9bergement \u00e0 long terme ou un h\u00e9bergement r\u00e9gulier.<\/p>\n        <\/div>\n    <\/div>\n    [\/vc_column_inner][vc_column_inner width=&#8220;1\/4&#8243;]\n    <div class=\"usp\">\n        <div class=\"box-icon\">\n                <div class=\"circle\"><i class=\"fa fa fa-envelope fa-lg\"><\/i><\/div>\n                <h3>Ecrivez-nous<\/h3>\n                <p><span class=\"adr-heading\">E-MAIL: <\/span><strong><span class=\"adr-info\">RECEPCIA@SAINT-MICHAEL.SK<\/span><\/strong><\/p>\n        <\/div>\n    <\/div>\n    [\/vc_column_inner][vc_column_inner width=&#8220;1\/4&#8243;]\n    <div class=\"usp\">\n        <div class=\"box-icon\">\n                <div class=\"circle\"><i class=\"fa fa fa-map-marker fa-lg\"><\/i><\/div>\n                <h3>Adresse<\/h3>\n                <p>JERUZALEMSK\u00c1 41, 917 01 TRNAVA<\/p>\r\n<p><a href=\"https:\/\/www.google.sk\/maps\/place\/Saint+Michael\/@48.380128,17.5904796,18z\/data=!4m5!3m4!1s0x476ca08247f59445:0x60d57d1860541d95!8m2!3d48.3801245!4d17.5915739\" target=\"_blank\" rel=\"noopener noreferrer\">Montrer sur la carte<\/a><\/p>\n        <\/div>\n    <\/div>\n    [\/vc_column_inner][vc_column_inner width=&#8220;1\/4&#8243;]\n    <div class=\"usp\">\n        <div class=\"box-icon\">\n                <div class=\"circle\"><i class=\"fa fa fa-volume-control-phone fa-lg\"><\/i><\/div>\n                <h3>Commandes aussi par t\u00e9l\u00e9phone<\/h3>\n                <p>Nous acceptons \u00e9galement les commandes t\u00e9l\u00e9phoniques, il suffit d&#8217;appeler le: <strong>+421 944 778 840<\/strong><\/p>\n        <\/div>\n    <\/div>\n    [\/vc_column_inner][\/vc_row_inner][vc_row_inner][vc_column_inner width=&#8220;1\/4&#8243;]\n    <div class=\"usp\">\n        <div class=\"box-icon\">\n                <div class=\"circle\"><i class=\"fa fa fa-wifi fa-lg\"><\/i><\/div>\n                <h3>Wifi<\/h3>\n                <p>Wifi gratuit dans tout l&#8217;h\u00f4tel<\/p>\n        <\/div>\n    <\/div>\n    [\/vc_column_inner][vc_column_inner width=&#8220;1\/4&#8243;]\n    <div class=\"usp\">\n        <div class=\"box-icon\">\n                <div class=\"circle\"><i class=\"fa fas fa-key fa-lg\"><\/i><\/div>\n                <h3>Room service<\/h3>\n                <p>\r\n<p>Service de chambre pendant les jours ouvrables<\/p>\r\n<\/p>\n        <\/div>\n    <\/div>\n    [\/vc_column_inner][vc_column_inner width=&#8220;1\/4&#8243;][\/vc_column_inner][vc_column_inner width=&#8220;1\/4&#8243;][\/vc_column_inner][\/vc_row_inner][\/vc_column][\/vc_row][vc_row][vc_column][vc_column_text]<!-- \/wp:post-content --><\/p>\r\n<p><!-- wp:paragraph -->[\/vc_column_text][\/vc_column][\/vc_row][vc_row][vc_column]\n        <h2 class=\"lined-heading mt50\">\n            <span>\n            Photos\n            <\/span>\n        <\/h2>\n        <div class=\"carousel\">\n    <div id=\"owl-gallery\" class=\"owl-carousel\">\n       <div class=\"item mfp_open\"><a href=\"https:\/\/saint-michael.sk\/wp-content\/uploads\/2019\/05\/Fotogaleria11.jpg\" data-rel=\"Lightbox-image-0\" data-rl_title=\"\" data-rl_caption=\"\" title=\"\"><img decoding=\"async\" src=\"https:\/\/saint-michael.sk\/wp-content\/uploads\/2019\/05\/Fotogaleria11.jpg\"\/><i class=\"fa fa-search\"><\/i><\/a><\/div>    <div class=\"item mfp_open\"><a href=\"https:\/\/saint-michael.sk\/wp-content\/uploads\/2019\/05\/Fotogaleria10-e1557131869253.png\" data-rel=\"Lightbox-image-1\" data-rl_title=\"\" data-rl_caption=\"\" title=\"\"><img decoding=\"async\" src=\"https:\/\/saint-michael.sk\/wp-content\/uploads\/2019\/05\/Fotogaleria10-e1557131869253.png\"\/><i class=\"fa fa-search\"><\/i><\/a><\/div>    <div class=\"item mfp_open\"><a href=\"https:\/\/saint-michael.sk\/wp-content\/uploads\/2019\/05\/Fotogaleria9-e1557131794797.jpg\" data-rel=\"Lightbox-image-2\" data-rl_title=\"\" data-rl_caption=\"\" title=\"\"><img decoding=\"async\" src=\"https:\/\/saint-michael.sk\/wp-content\/uploads\/2019\/05\/Fotogaleria9-e1557131794797.jpg\"\/><i class=\"fa fa-search\"><\/i><\/a><\/div>    <div class=\"item mfp_open\"><a href=\"https:\/\/saint-michael.sk\/wp-content\/uploads\/2019\/05\/Fotogaleria8.jpg\" data-rel=\"Lightbox-image-3\" data-rl_title=\"\" data-rl_caption=\"\" title=\"\"><img decoding=\"async\" src=\"https:\/\/saint-michael.sk\/wp-content\/uploads\/2019\/05\/Fotogaleria8.jpg\"\/><i class=\"fa fa-search\"><\/i><\/a><\/div>    <div class=\"item mfp_open\"><a href=\"https:\/\/saint-michael.sk\/wp-content\/uploads\/2019\/05\/Fotogaleria7-e1557131833375.jpg\" data-rel=\"Lightbox-image-4\" data-rl_title=\"\" data-rl_caption=\"\" title=\"\"><img decoding=\"async\" src=\"https:\/\/saint-michael.sk\/wp-content\/uploads\/2019\/05\/Fotogaleria7-e1557131833375.jpg\"\/><i class=\"fa fa-search\"><\/i><\/a><\/div>    <div class=\"item mfp_open\"><a href=\"https:\/\/saint-michael.sk\/wp-content\/uploads\/2019\/05\/Fotogaleria6-e1557131903290.jpg\" data-rel=\"Lightbox-image-5\" data-rl_title=\"\" data-rl_caption=\"\" title=\"\"><img decoding=\"async\" src=\"https:\/\/saint-michael.sk\/wp-content\/uploads\/2019\/05\/Fotogaleria6-e1557131903290.jpg\"\/><i class=\"fa fa-search\"><\/i><\/a><\/div>    <div class=\"item mfp_open\"><a href=\"https:\/\/saint-michael.sk\/wp-content\/uploads\/2019\/05\/Fotogaleria5-e1557131944768.jpg\" data-rel=\"Lightbox-image-6\" data-rl_title=\"\" data-rl_caption=\"\" title=\"\"><img decoding=\"async\" src=\"https:\/\/saint-michael.sk\/wp-content\/uploads\/2019\/05\/Fotogaleria5-e1557131944768.jpg\"\/><i class=\"fa fa-search\"><\/i><\/a><\/div>    <div class=\"item mfp_open\"><a href=\"https:\/\/saint-michael.sk\/wp-content\/uploads\/2019\/05\/Fotogaleria1-e1557132016730.jpg\" data-rel=\"Lightbox-image-7\" data-rl_title=\"\" data-rl_caption=\"\" title=\"\"><img decoding=\"async\" src=\"https:\/\/saint-michael.sk\/wp-content\/uploads\/2019\/05\/Fotogaleria1-e1557132016730.jpg\"\/><i class=\"fa fa-search\"><\/i><\/a><\/div>    <div class=\"item mfp_open\"><a href=\"https:\/\/saint-michael.sk\/wp-content\/uploads\/2019\/05\/Fotogaleria2-e1557131993585.jpg\" data-rel=\"Lightbox-image-8\" data-rl_title=\"\" data-rl_caption=\"\" title=\"\"><img decoding=\"async\" src=\"https:\/\/saint-michael.sk\/wp-content\/uploads\/2019\/05\/Fotogaleria2-e1557131993585.jpg\"\/><i class=\"fa fa-search\"><\/i><\/a><\/div>    <div class=\"item mfp_open\"><a href=\"https:\/\/saint-michael.sk\/wp-content\/uploads\/2019\/05\/Fotogaleria3.jpg\" data-rel=\"Lightbox-image-9\" data-rl_title=\"\" data-rl_caption=\"\" title=\"\"><img decoding=\"async\" src=\"https:\/\/saint-michael.sk\/wp-content\/uploads\/2019\/05\/Fotogaleria3.jpg\"\/><i class=\"fa fa-search\"><\/i><\/a><\/div>     <\/div>\n<\/div>\n[vc_gallery type=&#8220;image_grid&#8220; images=&#8220;713,712,711,710,709,708,707,706,705,714&#8243; css=&#8220;&#8220;][\/vc_column][\/vc_row][vc_row][vc_column][vc_column_text]<!-- \/wp:paragraph -->[\/vc_column_text][vc_single_image image=&#8220;696&#8243; img_size=&#8220;large&#8220; alignment=&#8220;center&#8220; onclick=&#8220;custom_link&#8220; css=&#8220;&#8220; link=&#8220;https:\/\/www.kayak.com\/Trnava-Hotels-Saint-Michael.2985277.ksp&#8220;][\/vc_column][\/vc_row]<\/div>","protected":false},"excerpt":{"rendered":"<p>[vc_row][vc_column][\/vc_column][\/vc_row][vc_row][vc_column][vc_row_inner][vc_column_inner width=&#8220;1\/4&#8243;][\/vc_column_inner][vc_column_inner width=&#8220;1\/4&#8243;][\/vc_column_inner][vc_column_inner width=&#8220;1\/4&#8243;][\/vc_column_inner][vc_column_inner width=&#8220;1\/4&#8243;][\/vc_column_inner][\/vc_row_inner][vc_row_inner][vc_column_inner width=&#8220;1\/4&#8243;][\/vc_column_inner][vc_column_inner width=&#8220;1\/4&#8243;][\/vc_column_inner][vc_column_inner width=&#8220;1\/4&#8243;][\/vc_column_inner][vc_column_inner width=&#8220;1\/4&#8243;][\/vc_column_inner][\/vc_row_inner][vc_row_inner][vc_column_inner width=&#8220;1\/4&#8243;][\/vc_column_inner][vc_column_inner width=&#8220;1\/4&#8243;][\/vc_column_inner][vc_column_inner width=&#8220;1\/4&#8243;][\/vc_column_inner][vc_column_inner width=&#8220;1\/4&#8243;][\/vc_column_inner][\/vc_row_inner][\/vc_column][\/vc_row][vc_row][vc_column][vc_column_text] [\/vc_column_text][\/vc_column][\/vc_row][vc_row][vc_column][vc_gallery type=&#8220;image_grid&#8220; images=&#8220;713,712,711,710,709,708,707,706,705,714&#8243; css=&#8220;&#8220;][\/vc_column][\/vc_row][vc_row][vc_column][vc_column_text][\/vc_column_text][vc_single_image image=&#8220;696&#8243; img_size=&#8220;large&#8220; alignment=&#8220;center&#8220; onclick=&#8220;custom_link&#8220; css=&#8220;&#8220; link=&#8220;https:\/\/www.kayak.com\/Trnava-Hotels-Saint-Michael.2985277.ksp&#8220;][\/vc_column][\/vc_row]<\/p>\n","protected":false},"author":6,"featured_media":0,"parent":0,"menu_order":0,"comment_status":"open","ping_status":"open","template":"page-slider-reservation.php","meta":{"footnotes":""},"class_list":["post-430","page","type-page","status-publish","hentry"],"_links":{"self":[{"href":"https:\/\/saint-michael.sk\/index.php\/wp-json\/wp\/v2\/pages\/430","targetHints":{"allow":["GET"]}}],"collection":[{"href":"https:\/\/saint-michael.sk\/index.php\/wp-json\/wp\/v2\/pages"}],"about":[{"href":"https:\/\/saint-michael.sk\/index.php\/wp-json\/wp\/v2\/types\/page"}],"author":[{"embeddable":true,"href":"https:\/\/saint-michael.sk\/index.php\/wp-json\/wp\/v2\/users\/6"}],"replies":[{"embeddable":true,"href":"https:\/\/saint-michael.sk\/index.php\/wp-json\/wp\/v2\/comments?post=430"}],"version-history":[{"count":16,"href":"https:\/\/saint-michael.sk\/index.php\/wp-json\/wp\/v2\/pages\/430\/revisions"}],"predecessor-version":[{"id":724,"href":"https:\/\/saint-michael.sk\/index.php\/wp-json\/wp\/v2\/pages\/430\/revisions\/724"}],"wp:attachment":[{"href":"https:\/\/saint-michael.sk\/index.php\/wp-json\/wp\/v2\/media?parent=430"}],"curies":[{"name":"wp","href":"https:\/\/api.w.org\/{rel}","templated":true}]}}