{"id":444,"date":"2019-07-22T05:59:27","date_gmt":"2019-07-22T05:59:27","guid":{"rendered":"https:\/\/saint-michael.sk\/?page_id=444"},"modified":"2025-11-19T12:24:28","modified_gmt":"2025-11-19T12:24:28","slug":"informations","status":"publish","type":"page","link":"https:\/\/saint-michael.sk\/index.php\/fr\/informations\/","title":{"rendered":"Informations"},"content":{"rendered":"<div class=\"wpb-content-wrapper\">[vc_row][vc_column][vc_column_text css=&#8220;.vc_custom_1563775192942{margin-top: 20px !important;}&#8220;]\n<h2>Le garni h\u00f4tel Saint Michael offre un h\u00e9bergement comfortable en plein centre historique de Trnava. L\u2019avantage de l\u2019h\u00f4tel est la pr\u00e9servation de l\u2019architecture originale et le milieu calme avec un acc\u00e8s facile en voiture. L&#8217;atmosph\u00e8re de l&#8217;ancienne ville royale vous sera pr\u00e9sent\u00e9e dans 16 chambres comfortablement meubl\u00e9es.<\/h2>\n[\/vc_column_text][\/vc_column][\/vc_row][vc_row][vc_column][vc_separator][\/vc_column][\/vc_row][vc_row][vc_column][vc_column_text css=&#8220;&#8220;]\n<ul>\n<li><strong>Nous offrons le petit-d\u00e9jeuner moyennant un suppl\u00e9ment de 10<\/strong><strong> \u20ac \/ 1 personne pour les clients h\u00e9berg\u00e9s, sous forme de tables de buffet de 07h00 \u00e0 09h00 en semaine<\/strong><\/li>\n<li>Nous n&#8217;offrons pas de petit-d\u00e9jeuner pendant le week-end<\/li>\n<li><strong>La taxe de s\u00e9jour est de 2\u20ac \/ 1 personne \/ 1 nuit<\/strong><\/li>\n<li>Parking pour les clients dans le site, 10\u20ac \/ 1 nuit \/ 1 voiture <span class=\"gmail-rynqvb\"><span lang=\"FR\">(pas de r\u00e9servation possible, selon disponibilit\u00e9s)<\/span><\/span><\/li>\n<li>Toutes les chambres sont non-fumeurs<\/li>\n<li>Les animaux ne sont pas autoris\u00e9s<\/li>\n<li><span class=\"VIiyi\" lang=\"fr\"><span class=\"JLqJ4b ChMk0b\"><span class=\"Q4iAWc\">Location d&#8217;une console Playstation 5 (payante)<\/span><\/span><\/span><\/li>\n<li><span class=\"VIiyi\" lang=\"fr\"><span class=\"JLqJ4b ChMk0b\"><span class=\"Q4iAWc\">Location de v\u00e9los \u00e9lectriques (payant)<\/span><\/span><\/span><\/li>\n<li>Il y a un chargeur de voitures \u00e9lectriques<\/li>\n<li>Nous offrons \u00e9galement des appartements enti\u00e8rement meubl\u00e9s con\u00e7us principalement pour l&#8217;h\u00e9bergement \u00e0 long terme<\/li>\n<li>Pendant les \u00e9venements culturels et sportifs les prix peuvent augmenter<\/li>\n<li>Les prix de l&#8217;h\u00e9bergement \u00e0 long terme \u00e0 convenir<\/li>\n<li><strong>Il est possible de faire le check-in entre 14:00 et 21:00<\/strong><\/li>\n<li><span lang=\"EN-US\">Les frais d&#8217;enregistrement tardif s&#8217;\u00e9l\u00e8vent \u00e0 10\u20ac \/ chambre pour chaque heure apr\u00e8s 21:00 (doit \u00eatre convenu \u00e0 l&#8217;avance)<\/span><\/li>\n<li><strong>Le jour du d\u00e9part il faut quitter la chambre avant 10:00<\/strong><\/li>\n<li>Le paiement s&#8217;effectue \u00e0 l&#8217;avance ou \u00e0 l&#8217;arriv\u00e9e<\/li>\n<li>Les prix incluent la TVA<\/li>\n<li>Aucun remboursement n&#8217;est possible pour les transactions de paiement effectu\u00e9es<\/li>\n<\/ul>\n[\/vc_column_text][\/vc_column][\/vc_row]\n<\/div>","protected":false},"excerpt":{"rendered":"<p>[vc_row][vc_column][vc_column_text css=&#8220;.vc_custom_1563775192942{margin-top: 20px !important;}&#8220;] Le garni h\u00f4tel Saint Michael offre un h\u00e9bergement comfortable en plein centre historique de Trnava. L\u2019avantage de l\u2019h\u00f4tel est la pr\u00e9servation de l\u2019architecture originale et le milieu calme avec un acc\u00e8s facile en voiture. L&#8217;atmosph\u00e8re de l&#8217;ancienne ville royale vous sera pr\u00e9sent\u00e9e dans 16 chambres comfortablement meubl\u00e9es. [\/vc_column_text][\/vc_column][\/vc_row][vc_row][vc_column][vc_separator][\/vc_column][\/vc_row][vc_row][vc_column][vc_column_text css=&#8220;&#8220;] Nous offrons [&hellip;]<\/p>\n","protected":false},"author":6,"featured_media":254,"parent":0,"menu_order":0,"comment_status":"closed","ping_status":"closed","template":"","meta":{"footnotes":""},"class_list":["post-444","page","type-page","status-publish","has-post-thumbnail","hentry"],"_links":{"self":[{"href":"https:\/\/saint-michael.sk\/index.php\/wp-json\/wp\/v2\/pages\/444","targetHints":{"allow":["GET"]}}],"collection":[{"href":"https:\/\/saint-michael.sk\/index.php\/wp-json\/wp\/v2\/pages"}],"about":[{"href":"https:\/\/saint-michael.sk\/index.php\/wp-json\/wp\/v2\/types\/page"}],"author":[{"embeddable":true,"href":"https:\/\/saint-michael.sk\/index.php\/wp-json\/wp\/v2\/users\/6"}],"replies":[{"embeddable":true,"href":"https:\/\/saint-michael.sk\/index.php\/wp-json\/wp\/v2\/comments?post=444"}],"version-history":[{"count":22,"href":"https:\/\/saint-michael.sk\/index.php\/wp-json\/wp\/v2\/pages\/444\/revisions"}],"predecessor-version":[{"id":729,"href":"https:\/\/saint-michael.sk\/index.php\/wp-json\/wp\/v2\/pages\/444\/revisions\/729"}],"wp:featuredmedia":[{"embeddable":true,"href":"https:\/\/saint-michael.sk\/index.php\/wp-json\/wp\/v2\/media\/254"}],"wp:attachment":[{"href":"https:\/\/saint-michael.sk\/index.php\/wp-json\/wp\/v2\/media?parent=444"}],"curies":[{"name":"wp","href":"https:\/\/api.w.org\/{rel}","templated":true}]}}